{"id":27,"date":"2016-01-18T21:34:26","date_gmt":"2016-01-18T21:34:26","guid":{"rendered":"http:\/\/clients.radiantpunch.com\/trenton\/es\/?page_id=27"},"modified":"2016-01-18T21:34:26","modified_gmt":"2016-01-18T21:34:26","slug":"llenado-de-camisa","status":"publish","type":"page","link":"https:\/\/trentoncorp.com\/es\/productos\/llenado-de-camisa\/","title":{"rendered":"Llenado de Camisa"},"content":{"rendered":"<p><img loading=\"lazy\" decoding=\"async\" class=\"alignright size-full wp-image-321\" src=\"\/wp-content\/uploads\/2016\/01\/Casing-Fill-BigRed.jpg\" alt=\"Big red truck carrying casing filling\" width=\"233\" height=\"163\" \/>Agua o vapor de agua est\u00e1n presentes en la mayor\u00eda de los encamisados haciendo posible la corrosi\u00f3n galv\u00e1nica del ducto. Asimismo, la corriente puede transmitirse a trav\u00e9s del agua, causando corrosi\u00f3n. El llenado del espacio entre las ca\u00f1er\u00edas impide la corrosi\u00f3n removiendo todo el el agua y evitando la descarga a tierra que se hace si entran en contacto los dos ca\u00f1os. En cualquier caso, es dif\u00edcil, si no imposible proteger cathodicamente la ca\u00f1er\u00eda encamisada, de modo que el llenado proteger\u00e1 la ca\u00f1er\u00eda de la corrosi\u00f3n, independientemente de las circunstancias.<\/p>\n<h3>Productos:<\/h3>\n<ul class=\"arrow-list\">\n<li><strong><a href=\"\/es\/productos\/llenado-de-camisa\/fill-coat-1\/\">Fill-Coat #1<\/a><\/strong><\/li>\n<li><strong><a href=\"\/es\/productos\/llenado-de-camisa\/fill-coat-2\/\">Fill-Coat #2<\/a><\/strong><\/li>\n<li><strong><a href=\"\/es\/productos\/llenado-de-camisa\/fill-coat-6\/\">Fill-Coat #6<\/a><\/strong><\/li>\n<li><strong><a href=\"\/es\/productos\/llenado-de-camisa\/pre-con\/\">Pre-Con<\/a><\/strong><\/li>\n<li><strong><a href=\"\/es\/productos\/llenado-de-camisa\/short-stop\/\">Short-Stop<\/a><\/strong><\/li>\n<li><strong><a href=\"\/es\/productos\/llenado-de-camisa\/seal-wrap\/\">Seal-Wrap<\/a><\/strong><\/li>\n<\/ul>\n","protected":false},"excerpt":{"rendered":"<p>Agua o vapor de agua est\u00e1n presentes en la mayor\u00eda de los encamisados haciendo posible la corrosi\u00f3n galv\u00e1nica del ducto. Asimismo, la corriente puede transmitirse a trav\u00e9s del agua, causando corrosi\u00f3n. El llenado del espacio entre las ca\u00f1er\u00edas impide la corrosi\u00f3n removiendo todo el el agua y evitando la descarga a tierra que se hace &hellip; <a href=\"https:\/\/trentoncorp.com\/es\/productos\/llenado-de-camisa\/\" class=\"more-link\">Continuar leyendo<span class=\"screen-reader-text\"> \u00abLlenado de Camisa\u00bb<\/span><\/a><\/p>\n","protected":false},"author":1,"featured_media":0,"parent":7,"menu_order":4,"comment_status":"closed","ping_status":"closed","template":"","meta":{"footnotes":""},"class_list":["post-27","page","type-page","status-publish","hentry"],"aioseo_notices":[],"_links":{"self":[{"href":"https:\/\/trentoncorp.com\/es\/wp-json\/wp\/v2\/pages\/27","targetHints":{"allow":["GET"]}}],"collection":[{"href":"https:\/\/trentoncorp.com\/es\/wp-json\/wp\/v2\/pages"}],"about":[{"href":"https:\/\/trentoncorp.com\/es\/wp-json\/wp\/v2\/types\/page"}],"author":[{"embeddable":true,"href":"https:\/\/trentoncorp.com\/es\/wp-json\/wp\/v2\/users\/1"}],"replies":[{"embeddable":true,"href":"https:\/\/trentoncorp.com\/es\/wp-json\/wp\/v2\/comments?post=27"}],"version-history":[{"count":0,"href":"https:\/\/trentoncorp.com\/es\/wp-json\/wp\/v2\/pages\/27\/revisions"}],"up":[{"embeddable":true,"href":"https:\/\/trentoncorp.com\/es\/wp-json\/wp\/v2\/pages\/7"}],"wp:attachment":[{"href":"https:\/\/trentoncorp.com\/es\/wp-json\/wp\/v2\/media?parent=27"}],"curies":[{"name":"wp","href":"https:\/\/api.w.org\/{rel}","templated":true}]}}