{"id":25,"date":"2016-01-18T21:33:52","date_gmt":"2016-01-18T21:33:52","guid":{"rendered":"http:\/\/clients.radiantpunch.com\/trenton\/es\/?page_id=25"},"modified":"2026-02-27T11:48:30","modified_gmt":"2026-02-27T16:48:30","slug":"revestimientos","status":"publish","type":"page","link":"https:\/\/trentoncorp.com\/es\/productos\/revestimientos\/","title":{"rendered":"Revestimientos"},"content":{"rendered":"<figure id=\"attachment_300\" aria-describedby=\"caption-attachment-300\" style=\"width: 233px\" class=\"wp-caption alignright\"><img loading=\"lazy\" decoding=\"async\" class=\"size-full wp-image-300\" src=\"\/wp-content\/uploads\/2016\/01\/Outerwrap-Main-Page.jpg\" alt=\"Section of pipe reconditioned using #1 Trenton Wax-Tape and Glas-Wrap\" width=\"233\" height=\"163\" \/><figcaption id=\"caption-attachment-300\" class=\"wp-caption-text\">A menudo las cintas de cera de Trenton se utilizan sin revestimiento adicional, pero a veces las condiciones indican que se necesita m\u00e1s protecci\u00f3n mec\u00e1nica.<\/figcaption><\/figure>\n<p>Revestimientos: Cuando las condiciones indican que se necesita m\u00e1s protecci\u00f3n mec\u00e1nica, Trenton ofrece una gama de revestimientos para las necesidades de cada situaci\u00f3n.<\/p>\n<h3>Productos:<\/h3>\n<ul class=\"arrow-list\">\n<li><strong><a href=\"https:\/\/trentoncorp.com\/es\/productos\/revestimientos\/mco-110-outerwrap\/\">MCO\u00ae 110 Outerwrap<\/a><\/strong><\/li>\n<li><strong><a href=\"\/es\/productos\/revestimientos\/mc-outerwrap\/\">MCO\u00ae Outerwrap<\/a><\/strong><\/li>\n<li><strong><a href=\"\/es\/productos\/revestimientos\/guard-wrap\/\">Guard-Wrap\u2122<\/a><\/strong><\/li>\n<li><strong><a href=\"\/es\/productos\/revestimientos\/poly-ply\/\">Poly-Ply\u2122<\/a><\/strong><\/li>\n<li><strong><a href=\"\/es\/productos\/revestimientos\/glas-wrap\/\">Glas-Wrap\u2122<\/a><\/strong><\/li>\n<\/ul>\n","protected":false},"excerpt":{"rendered":"<p>Revestimientos: Cuando las condiciones indican que se necesita m\u00e1s protecci\u00f3n mec\u00e1nica, Trenton ofrece una gama de revestimientos para las necesidades de cada situaci\u00f3n. Productos: MCO\u00ae 110 Outerwrap MCO\u00ae Outerwrap Guard-Wrap\u2122 Poly-Ply\u2122 Glas-Wrap\u2122<\/p>\n","protected":false},"author":1,"featured_media":0,"parent":7,"menu_order":3,"comment_status":"closed","ping_status":"closed","template":"","meta":{"footnotes":""},"class_list":["post-25","page","type-page","status-publish","hentry"],"aioseo_notices":[],"_links":{"self":[{"href":"https:\/\/trentoncorp.com\/es\/wp-json\/wp\/v2\/pages\/25","targetHints":{"allow":["GET"]}}],"collection":[{"href":"https:\/\/trentoncorp.com\/es\/wp-json\/wp\/v2\/pages"}],"about":[{"href":"https:\/\/trentoncorp.com\/es\/wp-json\/wp\/v2\/types\/page"}],"author":[{"embeddable":true,"href":"https:\/\/trentoncorp.com\/es\/wp-json\/wp\/v2\/users\/1"}],"replies":[{"embeddable":true,"href":"https:\/\/trentoncorp.com\/es\/wp-json\/wp\/v2\/comments?post=25"}],"version-history":[{"count":4,"href":"https:\/\/trentoncorp.com\/es\/wp-json\/wp\/v2\/pages\/25\/revisions"}],"predecessor-version":[{"id":657,"href":"https:\/\/trentoncorp.com\/es\/wp-json\/wp\/v2\/pages\/25\/revisions\/657"}],"up":[{"embeddable":true,"href":"https:\/\/trentoncorp.com\/es\/wp-json\/wp\/v2\/pages\/7"}],"wp:attachment":[{"href":"https:\/\/trentoncorp.com\/es\/wp-json\/wp\/v2\/media?parent=25"}],"curies":[{"name":"wp","href":"https:\/\/api.w.org\/{rel}","templated":true}]}}