{"id":23,"date":"2016-01-18T21:33:30","date_gmt":"2016-01-18T21:33:30","guid":{"rendered":"http:\/\/clients.radiantpunch.com\/trenton\/es\/?page_id=23"},"modified":"2016-01-18T21:33:30","modified_gmt":"2016-01-18T21:33:30","slug":"innercoat-guard-wrap","status":"publish","type":"page","link":"https:\/\/trentoncorp.com\/es\/productos\/innercoat-guard-wrap\/","title":{"rendered":"Innercoat &amp; Guard-Wrap"},"content":{"rendered":"<figure id=\"attachment_292\" aria-describedby=\"caption-attachment-292\" style=\"width: 233px\" class=\"wp-caption alignright\"><img loading=\"lazy\" decoding=\"async\" class=\"size-full wp-image-292\" src=\"\/wp-content\/uploads\/2016\/01\/Innercoat_Guardwrap_Pipeline-3.jpg\" alt=\"Trenton Innercoat Hot-Applied Wax and Guard-Wrap applied to a pipeline\" width=\"233\" height=\"163\" \/><figcaption id=\"caption-attachment-292\" class=\"wp-caption-text\">La combinaci\u00f3n de Innercoat aplicado en Caliente y Guard-Wrap se utiliza para impedir la corrosi\u00f3n de estructuras met\u00e1licas soterradas.<\/figcaption><\/figure>\n<p>La combinaci\u00f3n de Innercoat aplicado en Caliente y Guard-Wrap se utiliza para impedir la corrosi\u00f3n de estructuras met\u00e1licas soterradas.<\/p>\n<p>Innercoat es una mezcla de cera microcristalina que se ha utilizado con \u00e9xito como revestimiento de tuber\u00edas hace m\u00e1s de 50 a\u00f1os. Innercoat es un revestimiento de cera caliente ideal para la protecci\u00f3n contra la corrosi\u00f3n. Tiene caracter\u00edsticas de primera clase en impermeabilizaci\u00f3n debido a su baja absorci\u00f3n de humedad y la baja tasa de transmisi\u00f3n de la humedad. Asimismo, es una barrera diel\u00e9ctrica excepcional con alta resistencia el\u00e9ctrica. Cuando se calienta para aplicaci\u00f3n en l\u00edquido a la superficie de la tuber\u00eda penetra en los poros del metal, adhiri\u00e9ndose a la superficie. Incluso despu\u00e9s de endurecerse, sigue siendo flexible, permitiendo que la capa de cera se mueva con la tuber\u00eda cuando existe estr\u00e9s de suelo o variaciones de temperatura. Es inerte y no cambia de car\u00e1cter o de composici\u00f3n a trav\u00e9s del tiempo, as\u00ed como es resistente a productos qu\u00edmicos y bacterias com\u00fanmente encontradas en los suelos. Innercoat se aplica caliente, pero r\u00e1pidamente se enfr\u00eda y se endurece, pudi\u00e9ndose rellenar inmediatamente despu\u00e9s de la aplicaci\u00f3n del Guard-Wrap.<\/p>\n<p>El Guard-Wrap es una pel\u00edcula de pl\u00e1stico y celuloide. saturado de cera microcristalina que se utiliza para proporcionar m\u00e1s protecci\u00f3n mec\u00e1nica contra el estr\u00e9s de suelo y el impacto, mientras que tambi\u00e9n proporciona una barrera diel\u00e9ctrica adicional. Debido a su composici\u00f3n, se ajusta a formas irregulares, siendo un excelente recubrimiento para accesorios, as\u00ed como secciones rectas. El Guard-Wrap es inerte y no cambia de composici\u00f3n a trav\u00e9s del tiempo, as\u00ed como es resistente a productos qu\u00edmicos y bacterias com\u00fanmente encontradas en los suelos. Innercoat y Guard-Wrap en combinaci\u00f3n son un material excelente contra la corrosi\u00f3n de materiales para las instalaciones nuevas, aplicaci\u00f3n de parches en campo, costuras de soldadura y reacondicionamientos.<\/p>\n<h3>Products<\/h3>\n<ul class=\"arrow-list\">\n<li><strong><a href=\"\/es\/productos\/innercoat-guard-wrap\/innercoat-para-reacondicionamientos-de-ductos\/\">Innercoat Para Reacondicionamientos de Ductos<\/a><\/strong><\/li>\n<li><strong><a href=\"\/es\/productos\/innercoat-guard-wrap\/innercoat-para-llenado-de-bridas\/\">Innercoat Para Llenado de Bridas<\/a><\/strong><\/li>\n<\/ul>\n","protected":false},"excerpt":{"rendered":"<p>La combinaci\u00f3n de Innercoat aplicado en Caliente y Guard-Wrap se utiliza para impedir la corrosi\u00f3n de estructuras met\u00e1licas soterradas. Innercoat es una mezcla de cera microcristalina que se ha utilizado con \u00e9xito como revestimiento de tuber\u00edas hace m\u00e1s de 50 a\u00f1os. Innercoat es un revestimiento de cera caliente ideal para la protecci\u00f3n contra la corrosi\u00f3n. &hellip; <a href=\"https:\/\/trentoncorp.com\/es\/productos\/innercoat-guard-wrap\/\" class=\"more-link\">Continuar leyendo<span class=\"screen-reader-text\"> \u00abInnercoat &amp; Guard-Wrap\u00bb<\/span><\/a><\/p>\n","protected":false},"author":1,"featured_media":0,"parent":7,"menu_order":2,"comment_status":"closed","ping_status":"closed","template":"","meta":{"footnotes":""},"class_list":["post-23","page","type-page","status-publish","hentry"],"aioseo_notices":[],"_links":{"self":[{"href":"https:\/\/trentoncorp.com\/es\/wp-json\/wp\/v2\/pages\/23","targetHints":{"allow":["GET"]}}],"collection":[{"href":"https:\/\/trentoncorp.com\/es\/wp-json\/wp\/v2\/pages"}],"about":[{"href":"https:\/\/trentoncorp.com\/es\/wp-json\/wp\/v2\/types\/page"}],"author":[{"embeddable":true,"href":"https:\/\/trentoncorp.com\/es\/wp-json\/wp\/v2\/users\/1"}],"replies":[{"embeddable":true,"href":"https:\/\/trentoncorp.com\/es\/wp-json\/wp\/v2\/comments?post=23"}],"version-history":[{"count":0,"href":"https:\/\/trentoncorp.com\/es\/wp-json\/wp\/v2\/pages\/23\/revisions"}],"up":[{"embeddable":true,"href":"https:\/\/trentoncorp.com\/es\/wp-json\/wp\/v2\/pages\/7"}],"wp:attachment":[{"href":"https:\/\/trentoncorp.com\/es\/wp-json\/wp\/v2\/media?parent=23"}],"curies":[{"name":"wp","href":"https:\/\/api.w.org\/{rel}","templated":true}]}}