{"id":21,"date":"2016-01-18T21:33:02","date_gmt":"2016-01-18T21:33:02","guid":{"rendered":"http:\/\/clients.radiantpunch.com\/trenton\/es\/?page_id=21"},"modified":"2016-01-18T21:33:02","modified_gmt":"2016-01-18T21:33:02","slug":"imprimadores-masillas","status":"publish","type":"page","link":"https:\/\/trentoncorp.com\/es\/productos\/imprimadores-masillas\/","title":{"rendered":"Imprimadores &amp; Masillas"},"content":{"rendered":"<h2>LOS IMPRIMADORS DE TRENTON SON UNA DE LAS RAZ\u00d3NES CLAVE POR LAS QUE EL SISTEMA TRENTON ES TAN EFICAZ EN LA PREVENCI\u00d3N DE LA CORROSI\u00d3N.<\/h2>\n<figure id=\"attachment_271\" aria-describedby=\"caption-attachment-271\" style=\"width: 233px\" class=\"wp-caption alignright\"><img loading=\"lazy\" decoding=\"async\" class=\"size-full wp-image-271\" src=\"\/wp-content\/uploads\/2016\/01\/primer-mastics.jpg\" alt=\"Temcoat is being applied to a concrete pad in preparation for a layer of Wax-Tape, before the installation of a storage tank.\" width=\"233\" height=\"163\" \/><figcaption id=\"caption-attachment-271\" class=\"wp-caption-text\">Temcoat is being applied to a concrete pad in preparation for a layer of Wax-Tape, before the installation of a storage tank.<\/figcaption><\/figure>\n<p>Los Imprimadors penetran en la superficie de \u00f3xido preparando para la aplicaci\u00f3n de las cintas de cera. Los aplicadores de campo s\u00f3lo necesitan utilizar un cepillo de alambre para preparar la superficie. La Imprimadors empapan toda la superficie de la ca\u00f1er\u00eda y no requieren ning\u00fan perfil espec\u00edfico de superficie o patr\u00f3n de anclaje para una buena adherencia. Los Imprimadors de Trenton son indispensables a la hora de crear un eficaz sistema anticorrosi\u00f3n.<\/p>\n<h3>Productos:<\/h3>\n<ul class=\"arrow-list\">\n<li><strong><a href=\"\/es\/productos\/imprimadores-masillas\/imprimador-para-cintas-de-marron\/\">Imprimador Para Cintas de (Marr\u00f3n)<\/a><\/strong><\/li>\n<li><strong><a href=\"\/es\/productos\/imprimadores-masillas\/imprimador-para-cintas-de-cera-blanco\/\">Imprimador Para Cintas de Cera (Blanco)<\/a><\/strong><\/li>\n<li><strong><a href=\"\/es\/productos\/imprimadores-masillas\/temcoattemcoat-3000\/\">Temcoat\/Temcoat 3000<\/a><\/strong><\/li>\n<li><strong><a href=\"\/es\/productos\/imprimadores-masillas\/fill-putty\/\">Masilla<\/a><\/strong><\/li>\n<\/ul>\n","protected":false},"excerpt":{"rendered":"<p>LOS IMPRIMADORS DE TRENTON SON UNA DE LAS RAZ\u00d3NES CLAVE POR LAS QUE EL SISTEMA TRENTON ES TAN EFICAZ EN LA PREVENCI\u00d3N DE LA CORROSI\u00d3N. Los Imprimadors penetran en la superficie de \u00f3xido preparando para la aplicaci\u00f3n de las cintas de cera. Los aplicadores de campo s\u00f3lo necesitan utilizar un cepillo de alambre para preparar &hellip; <a href=\"https:\/\/trentoncorp.com\/es\/productos\/imprimadores-masillas\/\" class=\"more-link\">Continuar leyendo<span class=\"screen-reader-text\"> \u00abImprimadores &amp; Masillas\u00bb<\/span><\/a><\/p>\n","protected":false},"author":1,"featured_media":0,"parent":7,"menu_order":1,"comment_status":"closed","ping_status":"closed","template":"","meta":{"footnotes":""},"class_list":["post-21","page","type-page","status-publish","hentry"],"aioseo_notices":[],"_links":{"self":[{"href":"https:\/\/trentoncorp.com\/es\/wp-json\/wp\/v2\/pages\/21","targetHints":{"allow":["GET"]}}],"collection":[{"href":"https:\/\/trentoncorp.com\/es\/wp-json\/wp\/v2\/pages"}],"about":[{"href":"https:\/\/trentoncorp.com\/es\/wp-json\/wp\/v2\/types\/page"}],"author":[{"embeddable":true,"href":"https:\/\/trentoncorp.com\/es\/wp-json\/wp\/v2\/users\/1"}],"replies":[{"embeddable":true,"href":"https:\/\/trentoncorp.com\/es\/wp-json\/wp\/v2\/comments?post=21"}],"version-history":[{"count":0,"href":"https:\/\/trentoncorp.com\/es\/wp-json\/wp\/v2\/pages\/21\/revisions"}],"up":[{"embeddable":true,"href":"https:\/\/trentoncorp.com\/es\/wp-json\/wp\/v2\/pages\/7"}],"wp:attachment":[{"href":"https:\/\/trentoncorp.com\/es\/wp-json\/wp\/v2\/media?parent=21"}],"curies":[{"name":"wp","href":"https:\/\/api.w.org\/{rel}","templated":true}]}}