{"id":19,"date":"2016-01-18T21:32:36","date_gmt":"2016-01-18T21:32:36","guid":{"rendered":"http:\/\/clients.radiantpunch.com\/trenton\/es\/?page_id=19"},"modified":"2016-05-26T13:09:48","modified_gmt":"2016-05-26T18:09:48","slug":"wax-tape","status":"publish","type":"page","link":"https:\/\/trentoncorp.com\/es\/productos\/wax-tape\/","title":{"rendered":"Wax-Tape\u00ae"},"content":{"rendered":"<h2>Wax-Tape<sup>\u00ae<\/sup> de Trenton SON EXTREMADAMENTE EFICACES Y \u00daNICOS EN SU CAPACIDAD PARA PROTEGER SUS INSTALACIONES.<\/h2>\n<figure id=\"attachment_176\" aria-describedby=\"caption-attachment-176\" style=\"width: 233px\" class=\"wp-caption alignright\"><img loading=\"lazy\" decoding=\"async\" class=\"size-full wp-image-176\" src=\"\/wp-content\/uploads\/2016\/01\/wax-tape.jpg\" alt=\"A pipeline protected by Wax-Tape\" width=\"233\" height=\"163\" \/><figcaption id=\"caption-attachment-176\" class=\"wp-caption-text\">A veces el arenado es complicado y ambientalmente cuestionable, sobre todo cuando el trabajo es directamente sobre un r\u00edo o arroyo. Nuestras cintas de cera no requieren arenado.<\/figcaption><\/figure>\n<p>El hecho de que nuestras cintas no sean s\u00f3lidas, a veces haces dif\u00edcil comprender como pueden ofrecer tan buena protecci\u00f3n. De hecho protegen mejor que la pintura y requieren menos preparaci\u00f3n de la superficie.<\/p>\n<p>Las cintas Trenton utilizan cera microcristalina y son gruesos, sin relleno. Esto significa que se ajustan a todos los accesorios irregular proporcionando una excelente protecci\u00f3n.<\/p>\n<h3>Productos:<\/h3>\n<ul class=\"arrow-list\">\n<li><strong><a href=\"\/es\/productos\/wax-tape\/cinta-de-cera-1-para-ductos-soterrados\/\">Cinta de Cera #1 para Ductos Soterrados<\/a><\/strong><\/li>\n<li><strong><a href=\"\/es\/productos\/wax-tape\/2-wax-tape-for-aboveground-use\/\">#2 Wax-Tape<sup>\u00ae<\/sup> for Aboveground Use<\/a><\/strong><\/li>\n<li><strong><a href=\"\/es\/productos\/wax-tape\/wax-tape-ht-3000-high-temperature-anticorrosion-wrap\/\">Wax-Tape<sup>\u00ae<\/sup> HT-3000 High-Temperature Anticorrosion Wrap<\/a><\/strong><\/li>\n<\/ul>\n<p>&nbsp;<br \/>\n<strong><a href=\"\/es\/productos\/wax-tape\/calculadora-de-requisitos-de-materiales\/\">Calculatora De Requisitos De Materiales<\/a><\/strong><\/p>\n","protected":false},"excerpt":{"rendered":"<p>Wax-Tape\u00ae de Trenton SON EXTREMADAMENTE EFICACES Y \u00daNICOS EN SU CAPACIDAD PARA PROTEGER SUS INSTALACIONES. El hecho de que nuestras cintas no sean s\u00f3lidas, a veces haces dif\u00edcil comprender como pueden ofrecer tan buena protecci\u00f3n. De hecho protegen mejor que la pintura y requieren menos preparaci\u00f3n de la superficie. Las cintas Trenton utilizan cera microcristalina &hellip; <a href=\"https:\/\/trentoncorp.com\/es\/productos\/wax-tape\/\" class=\"more-link\">Continuar leyendo<span class=\"screen-reader-text\"> \u00abWax-Tape\u00ae\u00bb<\/span><\/a><\/p>\n","protected":false},"author":1,"featured_media":0,"parent":7,"menu_order":0,"comment_status":"closed","ping_status":"closed","template":"","meta":{"footnotes":""},"class_list":["post-19","page","type-page","status-publish","hentry"],"aioseo_notices":[],"_links":{"self":[{"href":"https:\/\/trentoncorp.com\/es\/wp-json\/wp\/v2\/pages\/19","targetHints":{"allow":["GET"]}}],"collection":[{"href":"https:\/\/trentoncorp.com\/es\/wp-json\/wp\/v2\/pages"}],"about":[{"href":"https:\/\/trentoncorp.com\/es\/wp-json\/wp\/v2\/types\/page"}],"author":[{"embeddable":true,"href":"https:\/\/trentoncorp.com\/es\/wp-json\/wp\/v2\/users\/1"}],"replies":[{"embeddable":true,"href":"https:\/\/trentoncorp.com\/es\/wp-json\/wp\/v2\/comments?post=19"}],"version-history":[{"count":0,"href":"https:\/\/trentoncorp.com\/es\/wp-json\/wp\/v2\/pages\/19\/revisions"}],"up":[{"embeddable":true,"href":"https:\/\/trentoncorp.com\/es\/wp-json\/wp\/v2\/pages\/7"}],"wp:attachment":[{"href":"https:\/\/trentoncorp.com\/es\/wp-json\/wp\/v2\/media?parent=19"}],"curies":[{"name":"wp","href":"https:\/\/api.w.org\/{rel}","templated":true}]}}