{"id":17,"date":"2016-01-18T21:31:55","date_gmt":"2016-01-18T21:31:55","guid":{"rendered":"http:\/\/clients.radiantpunch.com\/trenton\/es\/?page_id=17"},"modified":"2026-01-15T15:50:49","modified_gmt":"2026-01-15T20:50:49","slug":"proximos-eventos","status":"publish","type":"page","link":"https:\/\/trentoncorp.com\/es\/nuestra-empresa\/proximos-eventos\/","title":{"rendered":"Pr\u00f3ximos Eventos"},"content":{"rendered":"<p>En estos momentos nos estamos preparando para las siguientes expocisiones comerciales. Le invitamos a que nos visite, si le es posible asistir. Dele un vistazo a las expociones, haz click en el enlace proporcionado para usted o copie la direccion de web directamente a su navegador.<\/p>\n<div class='content-column one_half'><h3><u>North America<\/u><\/h3>\n<p>March 15 &#8211; 19, 2026<br \/>\n<strong>AMPP Corrosion 2026<\/strong><br \/>\nGeorge Brown Convention Center<br \/>\nHouston, TX<br \/>\nBooth #1511<br \/>\n<a href=\"https:\/\/ace.ampp.org\/about\">https:\/\/ace.ampp.org\/about<\/a><\/p>\n<p>May 4 &#8211; 7, 2026<br \/>\n<strong>OTC &#8211; Offshore Technology Conference<\/strong><br \/>\nNRG Park<br \/>\nHouston, TX<br \/>\nBooth #3327<br \/>\n<a href=\"https:\/\/2026.otcnet.org\/\">https:\/\/2026.otcnet.org\/<br \/>\n<\/a><br \/>\nJune 2 &#8211; 3, 2026<br \/>\n<strong>MegaRust<\/strong><br \/>\nSan Diego, CA<br \/>\n<a href=\"http:\/\/www.navalengineers.org\/\">http:\/\/www.navalengineers.org\/<br \/>\n<\/a><br \/>\nJune 21 &#8211; 24, 2026<br \/>\n<strong>AWWA Annual Conference<\/strong><br \/>\nWashington, DC<br \/>\nBooth #3333<br \/>\n<a href=\"http:\/\/www.awwa.org\/\">http:\/\/www.awwa.org\/<\/a><\/p>\n<p>&nbsp;<\/p>\n<h5><\/h5>\n<p>&nbsp;<\/p>\n<p>&nbsp;<\/p>\n<p>&nbsp;<\/p>\n<p><a href=\"https:\/\/trentoncorp.com\/upcoming-tradeshows-regional\/\">Regional Shows<\/a><\/p><\/div><div class='content-column one_half last_column'><h3><u>International<\/u><\/h3>\n<p>January 27 &#8211; 29, 2026<br \/>\n<strong>MECOC Expo 2026<\/strong><br \/>\nRixos Marina Abu Dhabi<br \/>\nUnited Arab Emirates<br \/>\nBooth #G4<br \/>\n<a href=\"https:\/\/www.mecocexpo.com\/\">https:\/\/www.mecocexpo.com\/<\/a><\/p>\n<p><span style=\"font-size: 12px; font-weight: 400;\">March 25 &#8211; 26, 2026<br \/>\n<\/span><u><\/u><strong>RPA &#8211; Les Rencontres de la Peinture Anticorrosion<\/strong><br \/>\nParis &#8211; Parc Floral<br \/>\n<a href=\"https:\/\/www.filiere-peinture-anticorrosion.fr\/les-rencontres-de-la-peinture-anticorrosion\/\">https:\/\/www.filiere-peinture-anticorrosion.fr\/les-rencontres-de-la-peinture-anticorrosion\/<\/a><\/p>\n<p>June 9 &#8211; 12, 2026<br \/>\n<strong>AMPP Italy<\/strong><br \/>\nGenoa, Italy<br \/>\n<a href=\"https:\/\/www.amppitaly.org\/it\/pages-57\/2026\">https:\/\/www.amppitaly.org\/it\/pages-57\/2026<\/a><\/p>\n<p>August 24 &#8211; 27, 2026<br \/>\n<strong>ONS<\/strong><br \/>\nStavanger, Norway<br \/>\nBooth #2015 Hall 2<br \/>\n<a href=\"https:\/\/www.ons.no\">https:\/\/www.ons.no<\/a><\/p>\n<p>September 6 &#8211; 10, 2026<br \/>\n<strong>Eurocorr<\/strong><br \/>\nDublin, Ireland<br \/>\nBooth #C14<br \/>\n<a href=\"https:\/\/eurocorr2026.org\/home\/\">https:\/\/eurocorr2026.org\/home\/<\/a><\/p>\n<p>September 29 &#8211; October 1, 2026<br \/>\n<strong>8\u00e8mes Journ\u00e9es Protection Cathodique et Rev\u00eatements Associ\u00e9s<br \/>\n<\/strong>Aix-en-Provence, France<br \/>\n<a href=\"https:\/\/www.cefracor.org\/fr\/8emes-journees-pcra-29-sept-1-oct-2026\">https:\/\/www.cefracor.org\/fr\/8emes-journees-pcra-29-sept-1-oct-2026<\/a><\/p>\n<p>November 25 &#8211; 26, 2026<br \/>\n<strong>Petrochymia Martigues<\/strong><br \/>\nMartigues, France<br \/>\n<a href=\"https:\/\/www.petrochymia.com\/\">https:\/\/www.petrochymia.com\/<\/a><\/p>\n<p>&nbsp;<\/p><\/div><div class='clear_column'><\/div><\/p>\n","protected":false},"excerpt":{"rendered":"<p>En estos momentos nos estamos preparando para las siguientes expocisiones comerciales. Le invitamos a que nos visite, si le es posible asistir. Dele un vistazo a las expociones, haz click en el enlace proporcionado para usted o copie la direccion de web directamente a su navegador.<\/p>\n","protected":false},"author":1,"featured_media":0,"parent":5,"menu_order":1,"comment_status":"closed","ping_status":"closed","template":"","meta":{"footnotes":""},"class_list":["post-17","page","type-page","status-publish","hentry"],"aioseo_notices":[],"_links":{"self":[{"href":"https:\/\/trentoncorp.com\/es\/wp-json\/wp\/v2\/pages\/17","targetHints":{"allow":["GET"]}}],"collection":[{"href":"https:\/\/trentoncorp.com\/es\/wp-json\/wp\/v2\/pages"}],"about":[{"href":"https:\/\/trentoncorp.com\/es\/wp-json\/wp\/v2\/types\/page"}],"author":[{"embeddable":true,"href":"https:\/\/trentoncorp.com\/es\/wp-json\/wp\/v2\/users\/1"}],"replies":[{"embeddable":true,"href":"https:\/\/trentoncorp.com\/es\/wp-json\/wp\/v2\/comments?post=17"}],"version-history":[{"count":26,"href":"https:\/\/trentoncorp.com\/es\/wp-json\/wp\/v2\/pages\/17\/revisions"}],"predecessor-version":[{"id":629,"href":"https:\/\/trentoncorp.com\/es\/wp-json\/wp\/v2\/pages\/17\/revisions\/629"}],"up":[{"embeddable":true,"href":"https:\/\/trentoncorp.com\/es\/wp-json\/wp\/v2\/pages\/5"}],"wp:attachment":[{"href":"https:\/\/trentoncorp.com\/es\/wp-json\/wp\/v2\/media?parent=17"}],"curies":[{"name":"wp","href":"https:\/\/api.w.org\/{rel}","templated":true}]}}