{"id":15,"date":"2016-01-18T21:31:23","date_gmt":"2016-01-18T21:31:23","guid":{"rendered":"http:\/\/clients.radiantpunch.com\/trenton\/es\/?page_id=15"},"modified":"2016-01-18T21:31:23","modified_gmt":"2016-01-18T21:31:23","slug":"histroria","status":"publish","type":"page","link":"https:\/\/trentoncorp.com\/es\/nuestra-empresa\/histroria\/","title":{"rendered":"Histroria"},"content":{"rendered":"<h2>DESDE 1949 LA CORPORACI\u00d3N TRENTON HA PROPORCIONADO EXCELENTES SISTEMAS DE REVESTIMIENTOS ANTICORROSI\u00d3N PARA TUBER\u00cdAS.<\/h2>\n<p><img loading=\"lazy\" decoding=\"async\" class=\"size-full wp-image-161 alignright\" src=\"\/wp-content\/uploads\/2016\/01\/History.jpg\" alt=\"Pipeline over a body of water\" width=\"233\" height=\"163\" \/>Miles de kil\u00f3metros de ductos en todo el mundo est\u00e1n protegidos por productos Trenton.<\/p>\n<p>\u00bfQu\u00e9 hace de los materiales anticorrosi\u00f3n Trenton el producto de elecci\u00f3n?<\/p>\n<ul>\n<li>M\u00ednima preparaci\u00f3n de la superficie<\/li>\n<li>No requiere herramientas especiales<\/li>\n<li>F\u00e1cil para el usuario<\/li>\n<li>Aplicable a superficies irregulares<\/li>\n<li>Extra\u00edble para inspecci\u00f3nes<\/li>\n<li>Compatible con otros revestimientos<\/li>\n<li>No requiere tiempo de secado o curado antes del llenado de zanja<\/li>\n<li>No perjudica al medio ambiente<\/li>\n<li>Hoja de Datos de Seguridad del Material Limpia.<\/li>\n<li>No cancer\u00edgeno<\/li>\n<\/ul>\n","protected":false},"excerpt":{"rendered":"<p>DESDE 1949 LA CORPORACI\u00d3N TRENTON HA PROPORCIONADO EXCELENTES SISTEMAS DE REVESTIMIENTOS ANTICORROSI\u00d3N PARA TUBER\u00cdAS. Miles de kil\u00f3metros de ductos en todo el mundo est\u00e1n protegidos por productos Trenton. \u00bfQu\u00e9 hace de los materiales anticorrosi\u00f3n Trenton el producto de elecci\u00f3n? M\u00ednima preparaci\u00f3n de la superficie No requiere herramientas especiales F\u00e1cil para el usuario Aplicable a superficies &hellip; <a href=\"https:\/\/trentoncorp.com\/es\/nuestra-empresa\/histroria\/\" class=\"more-link\">Continuar leyendo<span class=\"screen-reader-text\"> \u00abHistroria\u00bb<\/span><\/a><\/p>\n","protected":false},"author":1,"featured_media":0,"parent":5,"menu_order":0,"comment_status":"closed","ping_status":"closed","template":"","meta":{"footnotes":""},"class_list":["post-15","page","type-page","status-publish","hentry"],"aioseo_notices":[],"_links":{"self":[{"href":"https:\/\/trentoncorp.com\/es\/wp-json\/wp\/v2\/pages\/15","targetHints":{"allow":["GET"]}}],"collection":[{"href":"https:\/\/trentoncorp.com\/es\/wp-json\/wp\/v2\/pages"}],"about":[{"href":"https:\/\/trentoncorp.com\/es\/wp-json\/wp\/v2\/types\/page"}],"author":[{"embeddable":true,"href":"https:\/\/trentoncorp.com\/es\/wp-json\/wp\/v2\/users\/1"}],"replies":[{"embeddable":true,"href":"https:\/\/trentoncorp.com\/es\/wp-json\/wp\/v2\/comments?post=15"}],"version-history":[{"count":0,"href":"https:\/\/trentoncorp.com\/es\/wp-json\/wp\/v2\/pages\/15\/revisions"}],"up":[{"embeddable":true,"href":"https:\/\/trentoncorp.com\/es\/wp-json\/wp\/v2\/pages\/5"}],"wp:attachment":[{"href":"https:\/\/trentoncorp.com\/es\/wp-json\/wp\/v2\/media?parent=15"}],"curies":[{"name":"wp","href":"https:\/\/api.w.org\/{rel}","templated":true}]}}