{"id":11,"date":"2016-01-18T21:30:07","date_gmt":"2016-01-18T21:30:07","guid":{"rendered":"http:\/\/clients.radiantpunch.com\/trenton\/es\/?page_id=11"},"modified":"2024-09-10T14:26:32","modified_gmt":"2024-09-10T19:26:32","slug":"contacto","status":"publish","type":"page","link":"https:\/\/trentoncorp.com\/es\/contacto\/","title":{"rendered":"Contacto"},"content":{"rendered":"<h2>Cont\u00e1ctenos llenando el siguiente formulario o llam\u00e1ndonos a cualquiera del los telefonos listados.<\/h2>\n<p><div class='content-column two_third'><div style=\"padding-right:10px;\"><!-- HTML Forms v1.5.1 - https:\/\/wordpress.org\/plugins\/html-forms\/ -->\n<form method=\"post\"  class=\"hf-form hf-form-357 \" data-id=\"357\" data-title=\"Contact\" data-slug=\"contact-es\" data-message-success=\"Gracias por ponerse en contacto con Trenton. Hemos recibido su mensaje y nos pondremos en contacto con usted pronto.\" data-message-invalid-email=\"Ingrese una direcci\u00f3n de correo electr\u00f3nico v\u00e1lida.\" data-message-required-field-missing=\"Es obligaci\u00f3n completar este campo.\" data-message-error=\"Oops. An error occurred.\"><input type=\"hidden\" name=\"_hf_form_id\" value=\"357\" \/><div style=\"display: none;\"><input type=\"text\" name=\"_hf_h357\" value=\"\" \/><\/div><div class=\"hf-fields-wrap\"><div class=\"form-field one-half\">\r\n\t<label for=\"contact-es-FNAME\">Nombre<span class=\"required\">*<\/span><\/label>\r\n\t<input type=\"text\" name=\"FNAME\" id=\"contact-es-FNAME\" required \/>\r\n<\/div>\r\n<div class=\"form-field one-half\">\r\n\t<label for=\"contact-es-LNAME\">Apellidos<span class=\"required\">*<\/span><\/label>\r\n\t<input type=\"text\" name=\"LNAME\" id=\"contact-es-LNAME\" required \/>\r\n<\/div>\r\n<div class=\"form-field one-half\">\r\n\t<label for=\"contact-es-EMAIL\">Correo Electr&oacute;nico<span class=\"required\">*<\/span><\/label>\r\n\t<input type=\"email\" name=\"EMAIL\" id=\"contact-es-EMAIL\" required \/>\r\n<\/div>\r\n<div class=\"form-field one-half\">\r\n\t<label for=\"contact-es-PHONE\">N&uacute;mero de Tel&eacute;fono<\/label>\r\n\t<input type=\"tel\" name=\"PHONE\" id=\"contact-es-PHONE\" pattern=\"^[0-9-+\\s()]*$\" \/>\r\n<\/div>\r\n<div class=\"form-field one-half\">\r\n\t<label for=\"contact-es-TITLE\">T&iacute;tulo<\/label>\r\n\t<input type=\"text\" name=\"TITLE\" id=\"contact-es-TITLE\" \/>\r\n<\/div>\r\n<div class=\"form-field one-half\">\r\n\t<label for=\"contact-es-COMPANY\">Empresa<\/label>\r\n\t<input type=\"text\" name=\"COMPANY\" id=\"contact-es-COMPANY\" \/>\r\n<\/div>\r\n<div class=\"form-field\">\r\n\t<label for=\"contact-es-COUNTRY\">Pa&iacute;s<\/label>\r\n\t<input type=\"text\" name=\"COUNTRY\" id=\"contact-es-COUNTRY\" \/>\r\n<\/div>\r\n<div class=\"form-field\">\r\n\t<label for=\"contact-es-INDUSTRY\">Industria<\/label>\r\n\t<select name=\"INDUSTRY\" id=\"contact-es-INDUSTRY\">\r\n\t\t<option value=\"\" disabled selected>Seleccione su industria<\/option>\r\n\t\t<option value=\"Petr&oacute;leo y gas (Oil &amp; Gas)\">Petr&oacute;leo y gas<\/option>\r\n\t\t<option value=\"Agua (Water)\">Agua<\/option>\r\n\t\t<option value=\"Industrial\">Industrial<\/option>\r\n\t\t<option value=\"Qu&iacute;mica (Chemical)\">Qu&iacute;mica<\/option>\r\n\t\t<option value=\"Militar (Military)\">Militar<\/option>\r\n\t<\/select>\r\n<\/div>\r\n<div class=\"form-field\">\r\n\t<label for=\"contact-es-COTYPE\">Tipo de empresa<\/label>\r\n\t<select name=\"COTYPE\" id=\"contact-es-COTYPE\">\r\n\t\t<option value=\"\" disabled selected>Seleccione el tipo de empresa<\/option>\r\n\t\t<option value=\"Servicios p&uacute;blicos (Utility)\">Servicios p&uacute;blicos<\/option>\r\n\t\t<option value=\"Contratista (Contractor)\">Contratista<\/option>\r\n\t\t<option value=\"Proveedor (Supply House)\">Proveedor<\/option>\r\n\t\t<option value=\"Consultor de corrosi&oacute;n (Corrosion Consultant)\">Consultor de corrosi&oacute;n<\/option>\r\n\t<\/select>\r\n<\/div>\r\n<fieldset class=\"form-field\">\r\n\t<legend>&Aacute;reas de inter&eacute;s<\/legend>\r\n\t<div class=\"form-field\">\r\n\t\t<input type=\"checkbox\" name=\"INTERESTS[]\" id=\"contact-es-INT-waxtape-1\" value=\"Wax-Tape&reg; #1 No se endurece (Para uso bajo tierra)\" \/>\r\n\t\t<label for=\"contact-es-INT-waxtape-1\">Wax-Tape&reg; #1 No se endurece (Para uso bajo tierra)<\/label>\r\n\t<\/div>\r\n\t<div class=\"form-field\">\r\n\t\t<input type=\"checkbox\" name=\"INTERESTS[]\" id=\"contact-es-INT-waxtape-2\" value=\"Wax-Tape&reg; #2 Auto endurecedora (Para uso sobre\/abajo tierra)\" \/>\r\n\t\t<label for=\"contact-es-INT-waxtape-2\">Wax-Tape&reg; #2 Auto endurecedora (Para uso sobre\/abajo tierra)<\/label>\r\n\t<\/div>\r\n\t<div class=\"form-field\">\r\n\t\t<input type=\"checkbox\" name=\"INTERESTS[]\" id=\"contact-es-INT-waxtape-ht-3000\" value=\"Wax-Tape&reg; HT-3000 Alta temperatura\" \/>\r\n\t\t<label for=\"contact-es-INT-waxtape-ht-3000\">Wax-Tape&reg; HT-3000 Alta temperatura<\/label>\r\n\t<\/div>\r\n\t<div class=\"form-field\">\r\n\t\t<input type=\"checkbox\" name=\"INTERESTS[]\" id=\"contact-es-INT-innercoat-pipeline\" value=\"Innercoat&reg; para reacondicionamiento de tuber&iacute;as\" \/>\r\n\t\t<label for=\"contact-es-INT-innercoat-pipeline\">Innercoat&reg; para reacondicionamiento de tuber&iacute;as<\/label>\r\n\t<\/div>\r\n\t<div class=\"form-field\">\r\n\t\t<input type=\"checkbox\" name=\"INTERESTS[]\" id=\"contact-es-INT-fill-coat-1\" value=\"Fill Coat&reg; #1 (Relleno instalado en caliente)\" \/>\r\n\t\t<label for=\"contact-es-INT-fill-coat-1\">Fill Coat&reg; #1 (Relleno instalado en caliente)<\/label>\r\n\t<\/div>\r\n\t<div class=\"form-field\">\r\n\t\t<input type=\"checkbox\" name=\"INTERESTS[]\" id=\"contact-es-INT-fill-coat-2\" value=\"Fill Coat&reg; #2 (Relleno instalado en fr&iacute;o)\" \/>\r\n\t\t<label for=\"contact-es-INT-fill-coat-2\">Fill Coat&reg; #2 (Relleno instalado en fr&iacute;o)<\/label>\r\n\t<\/div>\r\n\t<div class=\"form-field\">\r\n\t\t<input type=\"checkbox\" name=\"INTERESTS[]\" id=\"contact-es-INT-temcoat\" value=\"Temcoat&trade;\/Temcoat&trade; 3000\" \/>\r\n\t\t<label for=\"contact-es-INT-temcoat\">Temcoat&trade;\/Temcoat&trade; 3000<\/label>\r\n\t<\/div>\r\n\t<div class=\"form-field\">\r\n\t\t<input type=\"checkbox\" name=\"INTERESTS[]\" id=\"contact-es-INT-fill-pro\" value=\"Fill-Pro&trade; PM-GP\" \/>\r\n\t\t<label for=\"contact-es-INT-fill-pro\">Fill-Pro&trade; PM-GP<\/label>\r\n\t<\/div>\r\n\t<div class=\"form-field\">\r\n\t\t<input type=\"checkbox\" name=\"INTERESTS[]\" id=\"contact-es-INT-pre-con\" value=\"Pre-Con&trade;\" \/>\r\n\t\t<label for=\"contact-es-INT-pre-con\">Pre-Con&trade;<\/label>\r\n\t<\/div>\r\n\t<div class=\"form-field\">\r\n\t\t<input type=\"checkbox\" name=\"INTERESTS[]\" id=\"contact-es-INT-innercoat-flange\" value=\"Innercoat&reg; para relleno de bridas\" \/>\r\n\t\t<label for=\"contact-es-INT-innercoat-flange\">Innercoat&reg; para relleno de bridas<\/label>\r\n\t<\/div>\r\n\t<div class=\"form-field\">\r\n\t\t<input type=\"checkbox\" name=\"INTERESTS[]\" id=\"contact-es-INT-seal-wrap\" value=\"Seal-Wrap&trade;\" \/>\r\n\t\t<label for=\"contact-es-INT-seal-wrap\">Seal-Wrap&trade;<\/label>\r\n\t<\/div>\r\n\t<div class=\"form-field\">\r\n\t\t<input type=\"checkbox\" name=\"INTERESTS[]\" id=\"contact-es-INT-short-stop\" value=\"Short-Stop&trade;\" \/>\r\n\t\t<label for=\"contact-es-INT-short-stop\">Short-Stop&trade;<\/label>\r\n\t<\/div>\r\n\t<div class=\"form-field\">\r\n\t\t<input type=\"checkbox\" name=\"INTERESTS[]\" id=\"contact-es-INT-wax-tape-primer\" value=\"Imprimaci&oacute;n Wax-Tape&reg;\" \/>\r\n\t\t<label for=\"contact-es-INT-wax-tape-primer\">Imprimaci&oacute;n Wax-Tape&reg;<\/label>\r\n\t<\/div>\r\n\t<div class=\"form-field\">\r\n\t\t<input type=\"checkbox\" name=\"INTERESTS[]\" id=\"contact-es-INT-poly-ply\" value=\"Poly-Ply&trade;\" \/>\r\n\t\t<label for=\"contact-es-INT-poly-ply\">Poly-Ply&trade;<\/label>\r\n\t<\/div>\r\n\t<div class=\"form-field\">\r\n\t\t<input type=\"checkbox\" name=\"INTERESTS[]\" id=\"contact-es-INT-mco-outerwrap\" value=\"MCO&reg; Outerwrap\" \/>\r\n\t\t<label for=\"contact-es-INT-mco-outerwrap\">MCO&reg; Outerwrap<\/label>\r\n\t<\/div>\r\n<\/fieldset>\r\n<div class=\"form-field\">\r\n\t<label for=\"contact-es-COMMENTS\">Preguntas\/Comentarios<span class=\"required\">*<\/span><\/label>\r\n\t<textarea name=\"COMMENTS\" required id=\"contact-COMMENTS\"><\/textarea>\r\n<\/div>\r\n<div class=\"form-field\">\r\n\t<label for=\"contact-es-CONSENT\">Consentimiento del usuario<span class=\"required\">*<\/span><\/label><br \/>\r\n\t<input type=\"checkbox\" name=\"CONSENT\" id=\"contact-es-CONSENT\" required \/>Acepto autorizar a Trenton Corporation a procesar y transferir la informaci&oacute;n que yo haya enviado seg&uacute;n sea requerido para que pueda darme una respuesta en relaci&oacute;n con mi consulta.<br \/>\r\n\t<span class=\"form-note\">Consulte nuestra <a href=\"https:\/\/trentoncorp.com\/es\/politica-de-privacidad\/\">Pol&iacute;tica de Privacidad<\/a> si desea aprender m&aacute;s.<\/span>\r\n<\/div>\r\n<div class=\"form-field\">\r\n\t<input type=\"submit\" value=\"Enviar\" \/>\r\n<\/div><noscript>Please enable JavaScript for this form to work.<\/noscript><\/div><input type=\"hidden\" id=\"wpa_initiator\" class=\"wpa_initiator\" name=\"wpa_initiator\" value=\"\"><\/form><!-- \/ HTML Forms --><\/div><\/div><div class='content-column one_third last_column'><div style=\"padding-right:0px;padding-left:5px;\"><div id=\"contact-sidebar\">\n<h3>Corporate Headquarters<\/h3>\n<p>7700 Jackson Road<br \/>\nAnn Arbor, MI 48103 USA<\/p>\n<p>T: (734) 424-3600<br \/>\nF: (734) 426-5882<\/p>\n<h3>European Office<\/h3>\n<p>8 rue d&#8217;Ath\u00e8nes<br \/>\n75009 Paris<br \/>\nT: +33 (0)1 42 99 95 78<\/p>\n<p>K\u00e9vin Tr\u00e9mel<br \/>\nCell: +33 (0) 6 73 83 52 24<br \/>\n<em>(available via WhatsApp)<\/em><br \/>\n<a href=\"mailto:ktremel@trentoncorp.com\">ktremel@trentoncorp.com<\/a><\/p>\n<p>Philibert de Bonnafos<br \/>\nCell: +33 (0) 6 89 58 41 29<br \/>\n<em>(available via WhatsApp)<br \/>\n<\/em><a href=\"mailto:pdebonnafos@trentoncorp.com\">pdebonnafos@trentoncorp.com<\/a><\/p>\n<h3>Sudam\u00e9rica &amp; Centroam\u00e9rica<\/h3>\n<p>Axel Schwartz<br \/>\nCell: <span style=\"font-weight: 400;\">+593 98-466-2378<\/span><br \/>\n<em>(available via WhatsApp)<\/em><br \/>\n<a href=\"mailto:aschwartz@trentoncorp.com\">aschwartz@trentoncorp.com<\/a><\/p>\n<\/div><\/div><\/div><div class='clear_column'><\/div><\/p>\n","protected":false},"excerpt":{"rendered":"<p>Cont\u00e1ctenos llenando el siguiente formulario o llam\u00e1ndonos a cualquiera del los telefonos listados.<\/p>\n","protected":false},"author":1,"featured_media":0,"parent":0,"menu_order":4,"comment_status":"closed","ping_status":"closed","template":"","meta":{"footnotes":""},"class_list":["post-11","page","type-page","status-publish","hentry"],"aioseo_notices":[],"_links":{"self":[{"href":"https:\/\/trentoncorp.com\/es\/wp-json\/wp\/v2\/pages\/11","targetHints":{"allow":["GET"]}}],"collection":[{"href":"https:\/\/trentoncorp.com\/es\/wp-json\/wp\/v2\/pages"}],"about":[{"href":"https:\/\/trentoncorp.com\/es\/wp-json\/wp\/v2\/types\/page"}],"author":[{"embeddable":true,"href":"https:\/\/trentoncorp.com\/es\/wp-json\/wp\/v2\/users\/1"}],"replies":[{"embeddable":true,"href":"https:\/\/trentoncorp.com\/es\/wp-json\/wp\/v2\/comments?post=11"}],"version-history":[{"count":0,"href":"https:\/\/trentoncorp.com\/es\/wp-json\/wp\/v2\/pages\/11\/revisions"}],"wp:attachment":[{"href":"https:\/\/trentoncorp.com\/es\/wp-json\/wp\/v2\/media?parent=11"}],"curies":[{"name":"wp","href":"https:\/\/api.w.org\/{rel}","templated":true}]}}